{"id":907,"date":"2019-10-12T22:31:10","date_gmt":"2019-10-12T20:31:10","guid":{"rendered":"http:\/\/www.natformgym.fr\/?page_id=907"},"modified":"2025-06-24T23:16:37","modified_gmt":"2025-06-24T21:16:37","slug":"yoga","status":"publish","type":"page","link":"http:\/\/www.natformgym.fr\/?page_id=907","title":{"rendered":"Yoga"},"content":{"rendered":"\t\t<div data-elementor-type=\"wp-page\" data-elementor-id=\"907\" class=\"elementor elementor-907\">\n\t\t\t\t\t\t\t\t\t<section class=\"elementor-section elementor-top-section elementor-element elementor-element-2bd4e04 elementor-section-boxed elementor-section-height-default elementor-section-height-default\" data-id=\"2bd4e04\" data-element_type=\"section\">\n\t\t\t\t\t\t<div class=\"elementor-container elementor-column-gap-default\">\n\t\t\t\t\t<div class=\"elementor-column elementor-col-100 elementor-top-column elementor-element elementor-element-08b6106\" data-id=\"08b6106\" data-element_type=\"column\">\n\t\t\t<div class=\"elementor-widget-wrap elementor-element-populated\">\n\t\t\t\t\t\t\t\t<div class=\"elementor-element elementor-element-2d3c361 elementor-widget elementor-widget-text-editor\" data-id=\"2d3c361\" data-element_type=\"widget\" data-widget_type=\"text-editor.default\">\n\t\t\t\t<div class=\"elementor-widget-container\">\n\t\t\t\t\t\t\t<p>Le Yoga est une discipline du corps et de l&rsquo;esprit qui comprend une grande vari\u00e9t\u00e9 d&rsquo;exercices et de techniques. Les techniques employ\u00e9es utilisent des postures physiques (appel\u00e9es asanas), des pratiques respiratoires (pranayama) et de m\u00e9ditation, ainsi que la relaxation profonde (yoga nidra).<br \/>Yoga du sanskrit unir et relier Vise \u00e0 \u00e9quilibrer le corps, l esprit, le mental pour une parfaite harmonie<br \/>\u00c9cole de philosophie indienne ancestrale, le yoga est tr\u00e8s pratiqu\u00e9e en Occident et s est adapt\u00e9 sous diff\u00e9rentes formes et variantes<\/p><p>\u00a0<\/p>\t\t\t\t\t\t<\/div>\n\t\t\t\t<\/div>\n\t\t\t\t\t<\/div>\n\t\t<\/div>\n\t\t\t\t\t\t\t<\/div>\n\t\t<\/section>\n\t\t\t\t<section class=\"elementor-section elementor-top-section elementor-element elementor-element-e2b54a5 elementor-section-boxed elementor-section-height-default elementor-section-height-default\" data-id=\"e2b54a5\" data-element_type=\"section\">\n\t\t\t\t\t\t<div class=\"elementor-container elementor-column-gap-default\">\n\t\t\t\t\t<div class=\"elementor-column elementor-col-100 elementor-top-column elementor-element elementor-element-18582dc\" data-id=\"18582dc\" data-element_type=\"column\">\n\t\t\t<div class=\"elementor-widget-wrap elementor-element-populated\">\n\t\t\t\t\t\t\t\t<div class=\"elementor-element elementor-element-7599611 elementor-widget elementor-widget-image\" data-id=\"7599611\" data-element_type=\"widget\" data-widget_type=\"image.default\">\n\t\t\t\t<div class=\"elementor-widget-container\">\n\t\t\t\t\t\t\t\t\t\t\t\t\t\t\t<img width=\"1024\" height=\"270\" src=\"http:\/\/www.natformgym.fr\/wp-content\/uploads\/2018\/11\/Slider_Yoga_1_1763x465-1024x270.jpg\" class=\"attachment-large size-large wp-image-314\" alt=\"\" loading=\"lazy\" srcset=\"http:\/\/www.natformgym.fr\/wp-content\/uploads\/2018\/11\/Slider_Yoga_1_1763x465-1024x270.jpg 1024w, http:\/\/www.natformgym.fr\/wp-content\/uploads\/2018\/11\/Slider_Yoga_1_1763x465-300x79.jpg 300w, http:\/\/www.natformgym.fr\/wp-content\/uploads\/2018\/11\/Slider_Yoga_1_1763x465-768x203.jpg 768w, http:\/\/www.natformgym.fr\/wp-content\/uploads\/2018\/11\/Slider_Yoga_1_1763x465.jpg 1763w\" sizes=\"(max-width: 1024px) 100vw, 1024px\" \/>\t\t\t\t\t\t\t\t\t\t\t\t\t\t\t<\/div>\n\t\t\t\t<\/div>\n\t\t\t\t\t<\/div>\n\t\t<\/div>\n\t\t\t\t\t\t\t<\/div>\n\t\t<\/section>\n\t\t\t\t<section class=\"elementor-section elementor-top-section elementor-element elementor-element-7e0e69b elementor-section-boxed elementor-section-height-default elementor-section-height-default\" data-id=\"7e0e69b\" data-element_type=\"section\">\n\t\t\t\t\t\t<div class=\"elementor-container elementor-column-gap-default\">\n\t\t\t\t\t<div class=\"elementor-column elementor-col-33 elementor-top-column elementor-element elementor-element-d6ef6b7\" data-id=\"d6ef6b7\" data-element_type=\"column\">\n\t\t\t<div class=\"elementor-widget-wrap elementor-element-populated\">\n\t\t\t\t\t\t\t\t<div class=\"elementor-element elementor-element-6397c17 elementor-widget elementor-widget-heading\" data-id=\"6397c17\" data-element_type=\"widget\" data-widget_type=\"heading.default\">\n\t\t\t\t<div class=\"elementor-widget-container\">\n\t\t\t<h2 class=\"elementor-heading-title elementor-size-default\">Objectifs et b\u00e9n\u00e9fices<\/h2>\t\t<\/div>\n\t\t\t\t<\/div>\n\t\t\t\t\t<\/div>\n\t\t<\/div>\n\t\t\t\t<div class=\"elementor-column elementor-col-66 elementor-top-column elementor-element elementor-element-760dffc\" data-id=\"760dffc\" data-element_type=\"column\">\n\t\t\t<div class=\"elementor-widget-wrap elementor-element-populated\">\n\t\t\t\t\t\t\t\t<div class=\"elementor-element elementor-element-ca693b1 elementor-widget elementor-widget-text-editor\" data-id=\"ca693b1\" data-element_type=\"widget\" data-widget_type=\"text-editor.default\">\n\t\t\t\t<div class=\"elementor-widget-container\">\n\t\t\t\t\t\t\t<ul><li>Respiration, d\u00e9tente et apaisement face au stress<\/li><li>Assouplissement et tonification<\/li><li>D\u00e9tendre le corps<\/li><li>Alignement musculaire et d\u00e9couverte du \u00ab moi \u00bb profond<\/li><li>Traverser plus sereinement les p\u00e9riodes de stress de la vie<\/li><li>Maintenir tous les syst\u00e8mes fonctionnels du corps en bonne sant\u00e9 et \u00e0 pr\u00e9venir les maladies.<\/li><li>Se recharger en \u00e9nergie vitale et mieux g\u00e9rer cette \u00e9nergie.<\/li><li>Am\u00e9liorer la qualit\u00e9 de son sommeil.<\/li><li>\u00catre plus centr\u00e9, plus \u00e0 l\u2019\u00e9coute de soi-m\u00eame et des autres.<\/li><li>Mieux ma\u00eetriser et canaliser ses \u00e9motions.<\/li><li>Prendre du recul sur ses difficult\u00e9s physiques et psychologiques, mieux les g\u00e9rer et ainsi am\u00e9liorer ses comportements dans la vie familiale et professionnelle.<\/li><li>Am\u00e9liorer son comportement alimentaire et r\u00e9guler ainsi naturellement son poids<\/li><li>Devenir plus conscient de ce qui se passe en soi et autour de soi et ainsi apprendre \u00e0 le transformer dans un sens positif.<\/li><li>D\u00e9velopper son optimisme et sa joie de vivre.<\/li><li>D\u00e9velopper sa capacit\u00e9 \u00e0 donner de l\u2019amour et son aptitude \u00e0 en recevoir.<\/li><\/ul>\t\t\t\t\t\t<\/div>\n\t\t\t\t<\/div>\n\t\t\t\t\t<\/div>\n\t\t<\/div>\n\t\t\t\t\t\t\t<\/div>\n\t\t<\/section>\n\t\t\t\t<section class=\"elementor-section elementor-top-section elementor-element elementor-element-860829e elementor-section-boxed elementor-section-height-default elementor-section-height-default\" data-id=\"860829e\" data-element_type=\"section\">\n\t\t\t\t\t\t<div class=\"elementor-container elementor-column-gap-default\">\n\t\t\t\t\t<div class=\"elementor-column elementor-col-50 elementor-top-column elementor-element elementor-element-68056e6\" data-id=\"68056e6\" data-element_type=\"column\">\n\t\t\t<div class=\"elementor-widget-wrap elementor-element-populated\">\n\t\t\t\t\t\t\t\t<div class=\"elementor-element elementor-element-792c300 elementor-widget elementor-widget-heading\" data-id=\"792c300\" data-element_type=\"widget\" data-widget_type=\"heading.default\">\n\t\t\t\t<div class=\"elementor-widget-container\">\n\t\t\t<h2 class=\"elementor-heading-title elementor-size-default\">Vinyasa Yoga<\/h2>\t\t<\/div>\n\t\t\t\t<\/div>\n\t\t\t\t\t<\/div>\n\t\t<\/div>\n\t\t\t\t<div class=\"elementor-column elementor-col-50 elementor-top-column elementor-element elementor-element-f1663e5\" data-id=\"f1663e5\" data-element_type=\"column\">\n\t\t\t<div class=\"elementor-widget-wrap elementor-element-populated\">\n\t\t\t\t\t\t\t\t<div class=\"elementor-element elementor-element-fb6d966 elementor-widget elementor-widget-text-editor\" data-id=\"fb6d966\" data-element_type=\"widget\" data-widget_type=\"text-editor.default\">\n\t\t\t\t<div class=\"elementor-widget-container\">\n\t\t\t\t\t\t\t<p>\u00ab\u00a0Le Vinyasa Yoga est un \u00ab\u00a0flow\u00a0\u00bb de postures en rythme avec la respiration. Il permet de renforcer le corps, d&rsquo;am\u00e9liorer la souplesse, de calmer l&rsquo;esprit et le syst\u00e8me nerveux.<\/p><p>Accessible \u00e0 tous, le Vinyasa offre une v\u00e9ritable bulle, une reconnexion \u00e0 soi, un doux moment d&rsquo;ancrage et d&rsquo;\u00e9nergie pour le reste de la semaine.<\/p><p>C&rsquo;est une forme de yoga dynamique qui met l&rsquo;accent sur la synchronisation du mouvement et de la respiration. Cette pratique souvent appel\u00e9e \u00ab\u00a0Vinyasa flow\u00a0\u00bb se caract\u00e9rise par une s\u00e9quence fluide de postures qui sont li\u00e9es les unes aux autres par le biais de transitions harmonieuses.<\/p><p>Cette pratique plut\u00f4t intense a des effets b\u00e9n\u00e9fiques sur le cardio, la circulation sanguine, le gainage, le renforcement musculaire, l&rsquo;assouplissement du corps.<\/p>\t\t\t\t\t\t<\/div>\n\t\t\t\t<\/div>\n\t\t\t\t\t<\/div>\n\t\t<\/div>\n\t\t\t\t\t\t\t<\/div>\n\t\t<\/section>\n\t\t\t\t<section class=\"elementor-section elementor-top-section elementor-element elementor-element-42f652e elementor-section-boxed elementor-section-height-default elementor-section-height-default\" data-id=\"42f652e\" data-element_type=\"section\">\n\t\t\t\t\t\t<div class=\"elementor-container elementor-column-gap-default\">\n\t\t\t\t\t<div class=\"elementor-column elementor-col-33 elementor-top-column elementor-element elementor-element-1a0c4e2\" data-id=\"1a0c4e2\" data-element_type=\"column\">\n\t\t\t<div class=\"elementor-widget-wrap elementor-element-populated\">\n\t\t\t\t\t\t\t\t<div class=\"elementor-element elementor-element-ae4aa80 elementor-widget elementor-widget-heading\" data-id=\"ae4aa80\" data-element_type=\"widget\" data-widget_type=\"heading.default\">\n\t\t\t\t<div class=\"elementor-widget-container\">\n\t\t\t<h2 class=\"elementor-heading-title elementor-size-default\">Rebirth Yoga<\/h2>\t\t<\/div>\n\t\t\t\t<\/div>\n\t\t\t\t\t<\/div>\n\t\t<\/div>\n\t\t\t\t<div class=\"elementor-column elementor-col-66 elementor-top-column elementor-element elementor-element-2985e63\" data-id=\"2985e63\" data-element_type=\"column\">\n\t\t\t<div class=\"elementor-widget-wrap elementor-element-populated\">\n\t\t\t\t\t\t\t\t<div class=\"elementor-element elementor-element-9c58bf7 elementor-widget elementor-widget-text-editor\" data-id=\"9c58bf7\" data-element_type=\"widget\" data-widget_type=\"text-editor.default\">\n\t\t\t\t<div class=\"elementor-widget-container\">\n\t\t\t\t\t\t\t<p>Le Rebirth Yoga est un m\u00e9lange de Vinyasa et de Kundalini.\u00a0<span style=\"font-size: 15px;\">C\u2019est un yoga complet dans lequel respiration et mouvements sont m\u00eal\u00e9s pour obtenir un travail \u00e0 la fois \u00e9nerg\u00e9tique (le c\u00f4t\u00e9 Kundalini) et relaxant par l\u2019int\u00e9gration de m\u00e9ditations, souvent accompagn\u00e9es de mantras. Cette forme de yoga permet de\u00a0 se reconnecter \u00e0 soi, de se d\u00e9tendre, et de laisser l\u2019\u00e9nergie faire son travail.<\/span><\/p>\t\t\t\t\t\t<\/div>\n\t\t\t\t<\/div>\n\t\t\t\t\t<\/div>\n\t\t<\/div>\n\t\t\t\t\t\t\t<\/div>\n\t\t<\/section>\n\t\t\t\t<section class=\"elementor-section elementor-top-section elementor-element elementor-element-59b7c74 elementor-section-boxed elementor-section-height-default elementor-section-height-default\" data-id=\"59b7c74\" data-element_type=\"section\">\n\t\t\t\t\t\t<div class=\"elementor-container elementor-column-gap-default\">\n\t\t\t\t\t<div class=\"elementor-column elementor-col-50 elementor-top-column elementor-element elementor-element-a7f2d39\" data-id=\"a7f2d39\" data-element_type=\"column\">\n\t\t\t<div class=\"elementor-widget-wrap elementor-element-populated\">\n\t\t\t\t\t\t\t\t<div class=\"elementor-element elementor-element-594ab7a elementor-widget elementor-widget-heading\" data-id=\"594ab7a\" data-element_type=\"widget\" data-widget_type=\"heading.default\">\n\t\t\t\t<div class=\"elementor-widget-container\">\n\t\t\t<h2 class=\"elementor-heading-title elementor-size-default\">Kundalini Yoga<\/h2>\t\t<\/div>\n\t\t\t\t<\/div>\n\t\t\t\t\t<\/div>\n\t\t<\/div>\n\t\t\t\t<div class=\"elementor-column elementor-col-50 elementor-top-column elementor-element elementor-element-2f78f3a\" data-id=\"2f78f3a\" data-element_type=\"column\">\n\t\t\t<div class=\"elementor-widget-wrap elementor-element-populated\">\n\t\t\t\t\t\t\t\t<div class=\"elementor-element elementor-element-8a93e1f elementor-widget elementor-widget-text-editor\" data-id=\"8a93e1f\" data-element_type=\"widget\" data-widget_type=\"text-editor.default\">\n\t\t\t\t<div class=\"elementor-widget-container\">\n\t\t\t\t\t\t\t<p>En sanskrit, Kundalini yoga se traduit par force psychique. Le but de ce type de yoga et de lib\u00e9rer l\u2019\u00e9nergie vitale. Il combine la pratique dynamique et statique des postures \u00e0 la respiration, \u00e0 la m\u00e9ditation aux krias, aux chants..<br \/>Tout est bon pour faire ressortir l\u2019\u00e9nergie de soi-m\u00eame.<\/p><p>Le kundalini yoga est consid\u00e9r\u00e9 comme le yoga originel. Il r\u00e9unit de nombreuses formes de yoga. Puissant dans ses effets, il est bas\u00e9 sur une pratique corporelle qui utilise des postures statiques, dynamiques et respiratoires, suivie de relaxation et d\u2019une m\u00e9ditation.<\/p><p>L&rsquo;\u00e9veil et la ma\u00eetrise de l&rsquo;\u00e9nergie de soi sont r\u00e9alis\u00e9s avec autre au travers de Mantras (formules sacr\u00e9es dot\u00e9es d&rsquo;un pouvoir spirituel) r\u00e9cit\u00e9s ou chant\u00e9s. Les encha\u00eenements seront parfois r\u00e9p\u00e9t\u00e9s sur plusieurs minutes pour favoriser le l\u00e2cher-prise.<\/p>\t\t\t\t\t\t<\/div>\n\t\t\t\t<\/div>\n\t\t\t\t\t<\/div>\n\t\t<\/div>\n\t\t\t\t\t\t\t<\/div>\n\t\t<\/section>\n\t\t\t\t<section class=\"elementor-section elementor-top-section elementor-element elementor-element-0f1135a elementor-section-boxed elementor-section-height-default elementor-section-height-default\" data-id=\"0f1135a\" data-element_type=\"section\">\n\t\t\t\t\t\t<div class=\"elementor-container elementor-column-gap-default\">\n\t\t\t\t\t<div class=\"elementor-column elementor-col-100 elementor-top-column elementor-element elementor-element-4ec1eeb\" data-id=\"4ec1eeb\" data-element_type=\"column\">\n\t\t\t<div class=\"elementor-widget-wrap elementor-element-populated\">\n\t\t\t\t\t\t\t\t<div class=\"elementor-element elementor-element-9f23a3b elementor-widget elementor-widget-heading\" data-id=\"9f23a3b\" data-element_type=\"widget\" data-widget_type=\"heading.default\">\n\t\t\t\t<div class=\"elementor-widget-container\">\n\t\t\t<h2 class=\"elementor-heading-title elementor-size-default\">Dans les trois types de yoga, m\u00e9ditation et relaxation font partie int\u00e9grante du cours<\/h2>\t\t<\/div>\n\t\t\t\t<\/div>\n\t\t\t\t\t<\/div>\n\t\t<\/div>\n\t\t\t\t\t\t\t<\/div>\n\t\t<\/section>\n\t\t\t\t<section class=\"elementor-section elementor-top-section elementor-element elementor-element-745350f elementor-section-boxed elementor-section-height-default elementor-section-height-default\" data-id=\"745350f\" data-element_type=\"section\">\n\t\t\t\t\t\t<div class=\"elementor-container elementor-column-gap-default\">\n\t\t\t\t\t<div class=\"elementor-column elementor-col-50 elementor-top-column elementor-element elementor-element-ae7e57b\" data-id=\"ae7e57b\" data-element_type=\"column\">\n\t\t\t<div class=\"elementor-widget-wrap elementor-element-populated\">\n\t\t\t\t\t\t\t\t<div class=\"elementor-element elementor-element-ff861dd elementor-widget elementor-widget-heading\" data-id=\"ff861dd\" data-element_type=\"widget\" data-widget_type=\"heading.default\">\n\t\t\t\t<div class=\"elementor-widget-container\">\n\t\t\t<h2 class=\"elementor-heading-title elementor-size-default\">Professeurs<\/h2>\t\t<\/div>\n\t\t\t\t<\/div>\n\t\t\t\t\t<\/div>\n\t\t<\/div>\n\t\t\t\t<div class=\"elementor-column elementor-col-50 elementor-top-column elementor-element elementor-element-b9da9cc\" data-id=\"b9da9cc\" data-element_type=\"column\">\n\t\t\t<div class=\"elementor-widget-wrap elementor-element-populated\">\n\t\t\t\t\t\t\t\t<div class=\"elementor-element elementor-element-abf7cbd elementor-widget elementor-widget-text-editor\" data-id=\"abf7cbd\" data-element_type=\"widget\" data-widget_type=\"text-editor.default\">\n\t\t\t\t<div class=\"elementor-widget-container\">\n\t\t\t\t\t\t\t<p>\u00a0<\/p><p><strong>L\u00e9a,<\/strong> <i>\u00a0Vinyasa et Rebirth Yoga<\/i><\/p><p><strong>Marl\u00e8ne,<\/strong> <i>\u00a0Kundalini Yoga<\/i><\/p><p>\u00a0<\/p>\t\t\t\t\t\t<\/div>\n\t\t\t\t<\/div>\n\t\t\t\t\t<\/div>\n\t\t<\/div>\n\t\t\t\t\t\t\t<\/div>\n\t\t<\/section>\n\t\t\t\t\t\t\t<\/div>\n\t\t","protected":false},"excerpt":{"rendered":"<p>Le Yoga est une discipline du corps et de l&rsquo;esprit qui comprend une grande vari\u00e9t\u00e9 d&rsquo;exercices et de techniques. Les techniques employ\u00e9es utilisent des postures physiques (appel\u00e9es asanas), des pratiques respiratoires (pranayama) et de m\u00e9ditation, ainsi que la relaxation profonde (yoga nidra).Yoga du sanskrit unir et relier Vise \u00e0 \u00e9quilibrer le corps, l esprit, le [&hellip;]<\/p>\n","protected":false},"author":1,"featured_media":0,"parent":0,"menu_order":0,"comment_status":"closed","ping_status":"closed","template":"elementor_header_footer","meta":[],"_links":{"self":[{"href":"http:\/\/www.natformgym.fr\/index.php?rest_route=\/wp\/v2\/pages\/907"}],"collection":[{"href":"http:\/\/www.natformgym.fr\/index.php?rest_route=\/wp\/v2\/pages"}],"about":[{"href":"http:\/\/www.natformgym.fr\/index.php?rest_route=\/wp\/v2\/types\/page"}],"author":[{"embeddable":true,"href":"http:\/\/www.natformgym.fr\/index.php?rest_route=\/wp\/v2\/users\/1"}],"replies":[{"embeddable":true,"href":"http:\/\/www.natformgym.fr\/index.php?rest_route=%2Fwp%2Fv2%2Fcomments&post=907"}],"version-history":[{"count":41,"href":"http:\/\/www.natformgym.fr\/index.php?rest_route=\/wp\/v2\/pages\/907\/revisions"}],"predecessor-version":[{"id":1361,"href":"http:\/\/www.natformgym.fr\/index.php?rest_route=\/wp\/v2\/pages\/907\/revisions\/1361"}],"wp:attachment":[{"href":"http:\/\/www.natformgym.fr\/index.php?rest_route=%2Fwp%2Fv2%2Fmedia&parent=907"}],"curies":[{"name":"wp","href":"https:\/\/api.w.org\/{rel}","templated":true}]}}