{"id":899,"date":"2019-10-12T22:22:09","date_gmt":"2019-10-12T20:22:09","guid":{"rendered":"http:\/\/www.natformgym.fr\/?page_id=899"},"modified":"2024-06-13T21:03:20","modified_gmt":"2024-06-13T19:03:20","slug":"pilates","status":"publish","type":"page","link":"http:\/\/www.natformgym.fr\/?page_id=899","title":{"rendered":"Pilates"},"content":{"rendered":"\t\t<div data-elementor-type=\"wp-page\" data-elementor-id=\"899\" class=\"elementor elementor-899\">\n\t\t\t\t\t\t\t\t\t<section class=\"elementor-section elementor-top-section elementor-element elementor-element-cf19c5a elementor-section-boxed elementor-section-height-default elementor-section-height-default\" data-id=\"cf19c5a\" data-element_type=\"section\">\n\t\t\t\t\t\t<div class=\"elementor-container elementor-column-gap-default\">\n\t\t\t\t\t<div class=\"elementor-column elementor-col-100 elementor-top-column elementor-element elementor-element-988f004\" data-id=\"988f004\" data-element_type=\"column\">\n\t\t\t<div class=\"elementor-widget-wrap elementor-element-populated\">\n\t\t\t\t\t\t\t\t<div class=\"elementor-element elementor-element-c8f7473 elementor-widget elementor-widget-text-editor\" data-id=\"c8f7473\" data-element_type=\"widget\" data-widget_type=\"text-editor.default\">\n\t\t\t\t<div class=\"elementor-widget-container\">\n\t\t\t\t\t\t\t<p>Cette discipline, d\u00e9velopp\u00e9e par Joseph Pilates, a pour objectif le d\u00e9veloppement des muscles profonds, l&rsquo;am\u00e9lioration de la posture, l&rsquo;\u00e9quilibrage musculaire et l&rsquo;assouplissement articulaire, pour un entretien, une am\u00e9lioration ou une restauration des fonctions physiques.\u00a0<span style=\"font-size: 15px;\">Renforcer plus particuli\u00e8rement les muscles profonds, dos et abdos en pr\u00e9servant le p\u00e9rin\u00e9e<\/span><\/p>\t\t\t\t\t\t<\/div>\n\t\t\t\t<\/div>\n\t\t\t\t\t<\/div>\n\t\t<\/div>\n\t\t\t\t\t\t\t<\/div>\n\t\t<\/section>\n\t\t\t\t<section class=\"elementor-section elementor-top-section elementor-element elementor-element-0727b76 elementor-section-boxed elementor-section-height-default elementor-section-height-default\" data-id=\"0727b76\" data-element_type=\"section\">\n\t\t\t\t\t\t<div class=\"elementor-container elementor-column-gap-default\">\n\t\t\t\t\t<div class=\"elementor-column elementor-col-100 elementor-top-column elementor-element elementor-element-6b2e5d3\" data-id=\"6b2e5d3\" data-element_type=\"column\">\n\t\t\t<div class=\"elementor-widget-wrap elementor-element-populated\">\n\t\t\t\t\t\t\t\t<div class=\"elementor-element elementor-element-4dec184 elementor-widget elementor-widget-image\" data-id=\"4dec184\" data-element_type=\"widget\" data-widget_type=\"image.default\">\n\t\t\t\t<div class=\"elementor-widget-container\">\n\t\t\t\t\t\t\t\t\t\t\t\t\t\t\t<img width=\"1024\" height=\"320\" src=\"http:\/\/www.natformgym.fr\/wp-content\/uploads\/2018\/11\/slider_pilates_1_1488x465-1024x320.jpg\" class=\"attachment-large size-large wp-image-315\" alt=\"\" loading=\"lazy\" srcset=\"http:\/\/www.natformgym.fr\/wp-content\/uploads\/2018\/11\/slider_pilates_1_1488x465-1024x320.jpg 1024w, http:\/\/www.natformgym.fr\/wp-content\/uploads\/2018\/11\/slider_pilates_1_1488x465-300x94.jpg 300w, http:\/\/www.natformgym.fr\/wp-content\/uploads\/2018\/11\/slider_pilates_1_1488x465-768x240.jpg 768w, http:\/\/www.natformgym.fr\/wp-content\/uploads\/2018\/11\/slider_pilates_1_1488x465.jpg 1488w\" sizes=\"(max-width: 1024px) 100vw, 1024px\" \/>\t\t\t\t\t\t\t\t\t\t\t\t\t\t\t<\/div>\n\t\t\t\t<\/div>\n\t\t\t\t\t<\/div>\n\t\t<\/div>\n\t\t\t\t\t\t\t<\/div>\n\t\t<\/section>\n\t\t\t\t<section class=\"elementor-section elementor-top-section elementor-element elementor-element-1fc237a elementor-section-boxed elementor-section-height-default elementor-section-height-default\" data-id=\"1fc237a\" data-element_type=\"section\">\n\t\t\t\t\t\t<div class=\"elementor-container elementor-column-gap-default\">\n\t\t\t\t\t<div class=\"elementor-column elementor-col-33 elementor-top-column elementor-element elementor-element-a8b0100\" data-id=\"a8b0100\" data-element_type=\"column\">\n\t\t\t<div class=\"elementor-widget-wrap elementor-element-populated\">\n\t\t\t\t\t\t\t\t<div class=\"elementor-element elementor-element-3d76fc8 elementor-widget elementor-widget-heading\" data-id=\"3d76fc8\" data-element_type=\"widget\" data-widget_type=\"heading.default\">\n\t\t\t\t<div class=\"elementor-widget-container\">\n\t\t\t<h2 class=\"elementor-heading-title elementor-size-default\">Objectifs et B\u00e9n\u00e9fices<\/h2>\t\t<\/div>\n\t\t\t\t<\/div>\n\t\t\t\t\t<\/div>\n\t\t<\/div>\n\t\t\t\t<div class=\"elementor-column elementor-col-66 elementor-top-column elementor-element elementor-element-634fb60\" data-id=\"634fb60\" data-element_type=\"column\">\n\t\t\t<div class=\"elementor-widget-wrap elementor-element-populated\">\n\t\t\t\t\t\t\t\t<div class=\"elementor-element elementor-element-1198f58 elementor-widget elementor-widget-text-editor\" data-id=\"1198f58\" data-element_type=\"widget\" data-widget_type=\"text-editor.default\">\n\t\t\t\t<div class=\"elementor-widget-container\">\n\t\t\t\t\t\t\t<ul><li>\u00ab Plus qu\u2019une m\u00e9thode, le Pilates est un syst\u00e8me de conditionnement physique et mental destin\u00e9 \u00e0 renforcer le corps, accroitre la souplesse, am\u00e9liorer la coordination, r\u00e9duire le stress, augmenter la capacit\u00e9 de concentration et procurer un sentiment durable de bien \u00eatre \u00bb (*)<br \/>(*) selon le livre Pilates, anatomie et mouvement de Rael Isacowitz et Karen Clippinger<\/li><li>Am\u00e8ne un changement positif de posture, d\u2019alignement et de distribution de la masse corporelle (les personnes disent se sentir plus minces).<\/li><li>Favorise le fonctionnement optimal des organes internes.<\/li><li>Aide \u00e0 pr\u00e9server l\u2019\u00e9tat optimal de la musculature et de la structure osseuse.<\/li><li>Am\u00e9liore la forme, les performances et pr\u00e9vient les blessures.<\/li><li>Favorise la relaxation et l&rsquo;\u00e9vacuation des tensions.<\/li><li>Am\u00e9liore la sexualit\u00e9 (plus de sensations et de plaisir).<\/li><li>Limiter les risques de descentes d&rsquo;organes et de fuites urinaires.<\/li><li>Accro\u00eet la prise de conscience du corps.<\/li><li>Intensifie le contr\u00f4le du corps.<\/li><li>Am\u00e9liore l&rsquo;\u00e9quilibre et la proprioception.<\/li><\/ul>\t\t\t\t\t\t<\/div>\n\t\t\t\t<\/div>\n\t\t\t\t\t<\/div>\n\t\t<\/div>\n\t\t\t\t\t\t\t<\/div>\n\t\t<\/section>\n\t\t\t\t<section class=\"elementor-section elementor-top-section elementor-element elementor-element-cbb81c0 elementor-section-boxed elementor-section-height-default elementor-section-height-default\" data-id=\"cbb81c0\" data-element_type=\"section\">\n\t\t\t\t\t\t<div class=\"elementor-container elementor-column-gap-default\">\n\t\t\t\t\t<div class=\"elementor-column elementor-col-33 elementor-top-column elementor-element elementor-element-a9abc38\" data-id=\"a9abc38\" data-element_type=\"column\">\n\t\t\t<div class=\"elementor-widget-wrap elementor-element-populated\">\n\t\t\t\t\t\t\t\t<div class=\"elementor-element elementor-element-95daed6 elementor-widget elementor-widget-heading\" data-id=\"95daed6\" data-element_type=\"widget\" data-widget_type=\"heading.default\">\n\t\t\t\t<div class=\"elementor-widget-container\">\n\t\t\t<h2 class=\"elementor-heading-title elementor-size-default\">Mat\u00e9riels utilis\u00e9s<\/h2>\t\t<\/div>\n\t\t\t\t<\/div>\n\t\t\t\t\t<\/div>\n\t\t<\/div>\n\t\t\t\t<div class=\"elementor-column elementor-col-66 elementor-top-column elementor-element elementor-element-664fe8a\" data-id=\"664fe8a\" data-element_type=\"column\">\n\t\t\t<div class=\"elementor-widget-wrap elementor-element-populated\">\n\t\t\t\t\t\t\t\t<div class=\"elementor-element elementor-element-09776ab elementor-widget elementor-widget-text-editor\" data-id=\"09776ab\" data-element_type=\"widget\" data-widget_type=\"text-editor.default\">\n\t\t\t\t<div class=\"elementor-widget-container\">\n\t\t\t\t\t\t\t<p>Rings, foam rollers, swiss balls, \u00e9lastiques, ballons, b\u00e2tons<\/p>\t\t\t\t\t\t<\/div>\n\t\t\t\t<\/div>\n\t\t\t\t\t<\/div>\n\t\t<\/div>\n\t\t\t\t\t\t\t<\/div>\n\t\t<\/section>\n\t\t\t\t<section class=\"elementor-section elementor-top-section elementor-element elementor-element-98c4496 elementor-section-boxed elementor-section-height-default elementor-section-height-default\" data-id=\"98c4496\" data-element_type=\"section\">\n\t\t\t\t\t\t<div class=\"elementor-container elementor-column-gap-default\">\n\t\t\t\t\t<div class=\"elementor-column elementor-col-33 elementor-top-column elementor-element elementor-element-de727ee\" data-id=\"de727ee\" data-element_type=\"column\">\n\t\t\t<div class=\"elementor-widget-wrap elementor-element-populated\">\n\t\t\t\t\t\t\t\t<div class=\"elementor-element elementor-element-438b0bd elementor-widget elementor-widget-heading\" data-id=\"438b0bd\" data-element_type=\"widget\" data-widget_type=\"heading.default\">\n\t\t\t\t<div class=\"elementor-widget-container\">\n\t\t\t<h2 class=\"elementor-heading-title elementor-size-default\">Professeurs<\/h2>\t\t<\/div>\n\t\t\t\t<\/div>\n\t\t\t\t\t<\/div>\n\t\t<\/div>\n\t\t\t\t<div class=\"elementor-column elementor-col-66 elementor-top-column elementor-element elementor-element-f322586\" data-id=\"f322586\" data-element_type=\"column\">\n\t\t\t<div class=\"elementor-widget-wrap elementor-element-populated\">\n\t\t\t\t\t\t\t\t<div class=\"elementor-element elementor-element-7ac468c elementor-widget elementor-widget-text-editor\" data-id=\"7ac468c\" data-element_type=\"widget\" data-widget_type=\"text-editor.default\">\n\t\t\t\t<div class=\"elementor-widget-container\">\n\t\t\t\t\t\t\t<p><span style=\"font-family: &quot;Roboto Slab&quot;; font-size: 15px; font-style: normal; font-variant-ligatures: normal; font-variant-caps: normal; font-weight: 600;\">Abdou,<\/span><em style=\"font-family: &quot;Roboto Slab&quot;; font-size: 15px; font-variant-ligatures: normal; font-variant-caps: normal; font-weight: 400;\">&nbsp;Professeur&nbsp;<\/em><i style=\"font-family: &quot;Roboto Slab&quot;; font-size: 15px; font-variant-ligatures: normal; font-variant-caps: normal; font-weight: 400;\">dipl\u00f4m\u00e9<\/i><\/p><p style=\"font-size: 15px;\"><span style=\"font-size: 15px; font-weight: 600;\">Elise,<\/span>&nbsp;<em style=\"font-size: 15px;\">Professeur&nbsp;<\/em><i style=\"font-size: 15px;\">dipl\u00f4m\u00e9e<\/i><\/p><p><strong>Heathcliff,<\/strong> <em>Professeur&nbsp;<\/em><i>dipl\u00f4m\u00e9<\/i>\n<\/p><p style=\"font-size: 15px;\"><span style=\"font-size: 15px; font-weight: 600;\">Kampan,<\/span>&nbsp;<em style=\"font-size: 15px;\">Professeur&nbsp;<\/em><i style=\"font-size: 15px;\">dipl\u00f4m\u00e9<\/i><\/p><p style=\"font-size: 15px;\"><span style=\"font-size: 15px; font-weight: 600;\">Laurent,<\/span>&nbsp;<em style=\"font-size: 15px;\">Professeur&nbsp;<\/em><i style=\"font-size: 15px;\">dipl\u00f4m\u00e9<\/i><\/p>\n<p><strong>Nathalie,<\/strong> <em>Professeur&nbsp;<\/em><i>dipl\u00f4m\u00e9e<\/i>\n<\/p>\n<p><br><\/p>\t\t\t\t\t\t<\/div>\n\t\t\t\t<\/div>\n\t\t\t\t\t<\/div>\n\t\t<\/div>\n\t\t\t\t\t\t\t<\/div>\n\t\t<\/section>\n\t\t\t\t\t\t\t<\/div>\n\t\t","protected":false},"excerpt":{"rendered":"<p>Cette discipline, d\u00e9velopp\u00e9e par Joseph Pilates, a pour objectif le d\u00e9veloppement des muscles profonds, l&rsquo;am\u00e9lioration de la posture, l&rsquo;\u00e9quilibrage musculaire et l&rsquo;assouplissement articulaire, pour un entretien, une am\u00e9lioration ou une restauration des fonctions physiques.\u00a0Renforcer plus particuli\u00e8rement les muscles profonds, dos et abdos en pr\u00e9servant le p\u00e9rin\u00e9e Objectifs et B\u00e9n\u00e9fices \u00ab Plus qu\u2019une m\u00e9thode, le Pilates [&hellip;]<\/p>\n","protected":false},"author":1,"featured_media":0,"parent":0,"menu_order":0,"comment_status":"closed","ping_status":"closed","template":"elementor_header_footer","meta":[],"_links":{"self":[{"href":"http:\/\/www.natformgym.fr\/index.php?rest_route=\/wp\/v2\/pages\/899"}],"collection":[{"href":"http:\/\/www.natformgym.fr\/index.php?rest_route=\/wp\/v2\/pages"}],"about":[{"href":"http:\/\/www.natformgym.fr\/index.php?rest_route=\/wp\/v2\/types\/page"}],"author":[{"embeddable":true,"href":"http:\/\/www.natformgym.fr\/index.php?rest_route=\/wp\/v2\/users\/1"}],"replies":[{"embeddable":true,"href":"http:\/\/www.natformgym.fr\/index.php?rest_route=%2Fwp%2Fv2%2Fcomments&post=899"}],"version-history":[{"count":12,"href":"http:\/\/www.natformgym.fr\/index.php?rest_route=\/wp\/v2\/pages\/899\/revisions"}],"predecessor-version":[{"id":1301,"href":"http:\/\/www.natformgym.fr\/index.php?rest_route=\/wp\/v2\/pages\/899\/revisions\/1301"}],"wp:attachment":[{"href":"http:\/\/www.natformgym.fr\/index.php?rest_route=%2Fwp%2Fv2%2Fmedia&parent=899"}],"curies":[{"name":"wp","href":"https:\/\/api.w.org\/{rel}","templated":true}]}}