{"id":891,"date":"2019-10-12T22:12:13","date_gmt":"2019-10-12T20:12:13","guid":{"rendered":"http:\/\/www.natformgym.fr\/?page_id=891"},"modified":"2024-06-13T21:05:14","modified_gmt":"2024-06-13T19:05:14","slug":"stretching","status":"publish","type":"page","link":"http:\/\/www.natformgym.fr\/?page_id=891","title":{"rendered":"Stretching"},"content":{"rendered":"\t\t<div data-elementor-type=\"wp-page\" data-elementor-id=\"891\" class=\"elementor elementor-891\">\n\t\t\t\t\t\t\t\t\t<section class=\"elementor-section elementor-top-section elementor-element elementor-element-756f989 elementor-section-boxed elementor-section-height-default elementor-section-height-default\" data-id=\"756f989\" data-element_type=\"section\">\n\t\t\t\t\t\t<div class=\"elementor-container elementor-column-gap-default\">\n\t\t\t\t\t<div class=\"elementor-column elementor-col-100 elementor-top-column elementor-element elementor-element-e8f141e\" data-id=\"e8f141e\" data-element_type=\"column\">\n\t\t\t<div class=\"elementor-widget-wrap elementor-element-populated\">\n\t\t\t\t\t\t\t\t<div class=\"elementor-element elementor-element-8e30442 elementor-widget elementor-widget-text-editor\" data-id=\"8e30442\" data-element_type=\"widget\" data-widget_type=\"text-editor.default\">\n\t\t\t\t<div class=\"elementor-widget-container\">\n\t\t\t\t\t\t\t<p class=\"MsoNormal\">Cours destin\u00e9 \u00e0 acqu\u00e9rir ou renforcer sa souplesse et ainsi am\u00e9liorer la mobilit\u00e9 et ses amplitudes de mouvement. Se pratique en musique douce pour allier \u00e9tirements et relaxation<\/p>\t\t\t\t\t\t<\/div>\n\t\t\t\t<\/div>\n\t\t\t\t\t<\/div>\n\t\t<\/div>\n\t\t\t\t\t\t\t<\/div>\n\t\t<\/section>\n\t\t\t\t<section class=\"elementor-section elementor-top-section elementor-element elementor-element-e3dd7a7 elementor-section-boxed elementor-section-height-default elementor-section-height-default\" data-id=\"e3dd7a7\" data-element_type=\"section\">\n\t\t\t\t\t\t<div class=\"elementor-container elementor-column-gap-default\">\n\t\t\t\t\t<div class=\"elementor-column elementor-col-100 elementor-top-column elementor-element elementor-element-72e1923\" data-id=\"72e1923\" data-element_type=\"column\">\n\t\t\t<div class=\"elementor-widget-wrap elementor-element-populated\">\n\t\t\t\t\t\t\t\t<div class=\"elementor-element elementor-element-5398c38 elementor-widget elementor-widget-image\" data-id=\"5398c38\" data-element_type=\"widget\" data-widget_type=\"image.default\">\n\t\t\t\t<div class=\"elementor-widget-container\">\n\t\t\t\t\t\t\t\t\t\t\t\t\t\t\t<img width=\"1024\" height=\"768\" src=\"http:\/\/www.natformgym.fr\/wp-content\/uploads\/2018\/11\/Stretching1-1024x768.jpg\" class=\"attachment-large size-large wp-image-329\" alt=\"\" loading=\"lazy\" srcset=\"http:\/\/www.natformgym.fr\/wp-content\/uploads\/2018\/11\/Stretching1-1024x768.jpg 1024w, http:\/\/www.natformgym.fr\/wp-content\/uploads\/2018\/11\/Stretching1-300x225.jpg 300w, http:\/\/www.natformgym.fr\/wp-content\/uploads\/2018\/11\/Stretching1-768x576.jpg 768w, http:\/\/www.natformgym.fr\/wp-content\/uploads\/2018\/11\/Stretching1-480x360.jpg 480w, http:\/\/www.natformgym.fr\/wp-content\/uploads\/2018\/11\/Stretching1-240x180.jpg 240w\" sizes=\"(max-width: 1024px) 100vw, 1024px\" \/>\t\t\t\t\t\t\t\t\t\t\t\t\t\t\t<\/div>\n\t\t\t\t<\/div>\n\t\t\t\t\t<\/div>\n\t\t<\/div>\n\t\t\t\t\t\t\t<\/div>\n\t\t<\/section>\n\t\t\t\t<section class=\"elementor-section elementor-top-section elementor-element elementor-element-5700b63 elementor-section-boxed elementor-section-height-default elementor-section-height-default\" data-id=\"5700b63\" data-element_type=\"section\">\n\t\t\t\t\t\t<div class=\"elementor-container elementor-column-gap-default\">\n\t\t\t\t\t<div class=\"elementor-column elementor-col-33 elementor-top-column elementor-element elementor-element-b8a5402\" data-id=\"b8a5402\" data-element_type=\"column\">\n\t\t\t<div class=\"elementor-widget-wrap elementor-element-populated\">\n\t\t\t\t\t\t\t\t<div class=\"elementor-element elementor-element-6dfb0f9 elementor-widget elementor-widget-heading\" data-id=\"6dfb0f9\" data-element_type=\"widget\" data-widget_type=\"heading.default\">\n\t\t\t\t<div class=\"elementor-widget-container\">\n\t\t\t<h2 class=\"elementor-heading-title elementor-size-default\">Objectifs et B\u00e9n\u00e9fices<\/h2>\t\t<\/div>\n\t\t\t\t<\/div>\n\t\t\t\t\t<\/div>\n\t\t<\/div>\n\t\t\t\t<div class=\"elementor-column elementor-col-66 elementor-top-column elementor-element elementor-element-f33d98c\" data-id=\"f33d98c\" data-element_type=\"column\">\n\t\t\t<div class=\"elementor-widget-wrap elementor-element-populated\">\n\t\t\t\t\t\t\t\t<div class=\"elementor-element elementor-element-082b714 elementor-widget elementor-widget-text-editor\" data-id=\"082b714\" data-element_type=\"widget\" data-widget_type=\"text-editor.default\">\n\t\t\t\t<div class=\"elementor-widget-container\">\n\t\t\t\t\t\t\t<ul><li>Augmente la souplesse et l&rsquo;\u00e9lasticit\u00e9 des muscles et des tendons, avec une am\u00e9lioration g\u00e9n\u00e9rale de la capacit\u00e9 du mouvement.<\/li><li>Pr\u00e9vention des contractures musculaires, permet de diminuer la sensation de fatigue et peut aider \u00e0 pr\u00e9venir des traumatismes musculaires et articulaires.<\/li><li>Ses bienfaits sur les articulations : am\u00e9lioration de l\u2019\u00e9lasticit\u00e9 des muscles et stimulation de la \u00ab lubrification \u00bb articulaire, contribuant ainsi \u00e0 l&rsquo;att\u00e9nuation des maladies d\u00e9g\u00e9n\u00e9ratives telles que l&rsquo;arthrose. De fait, il pr\u00e9serve la \u00ab jeunesse \u00bb des articulations en ralentissant la calcification du tissu conjonctif.<\/li><li>Diminution de la tension art\u00e9rielle en favorisant la circulation, aide \u00e0 la d\u00e9tente en r\u00e9duisant le stress physique et am\u00e9lioration de la coordination des mouvements.<\/li><\/ul>\t\t\t\t\t\t<\/div>\n\t\t\t\t<\/div>\n\t\t\t\t\t<\/div>\n\t\t<\/div>\n\t\t\t\t\t\t\t<\/div>\n\t\t<\/section>\n\t\t\t\t<section class=\"elementor-section elementor-top-section elementor-element elementor-element-2fcc034 elementor-section-boxed elementor-section-height-default elementor-section-height-default\" data-id=\"2fcc034\" data-element_type=\"section\">\n\t\t\t\t\t\t<div class=\"elementor-container elementor-column-gap-default\">\n\t\t\t\t\t<div class=\"elementor-column elementor-col-33 elementor-top-column elementor-element elementor-element-0f29952\" data-id=\"0f29952\" data-element_type=\"column\">\n\t\t\t<div class=\"elementor-widget-wrap elementor-element-populated\">\n\t\t\t\t\t\t\t\t<div class=\"elementor-element elementor-element-06308e7 elementor-widget elementor-widget-heading\" data-id=\"06308e7\" data-element_type=\"widget\" data-widget_type=\"heading.default\">\n\t\t\t\t<div class=\"elementor-widget-container\">\n\t\t\t<h2 class=\"elementor-heading-title elementor-size-default\">Mat\u00e9riels utilis\u00e9s<\/h2>\t\t<\/div>\n\t\t\t\t<\/div>\n\t\t\t\t\t<\/div>\n\t\t<\/div>\n\t\t\t\t<div class=\"elementor-column elementor-col-66 elementor-top-column elementor-element elementor-element-82a9b93\" data-id=\"82a9b93\" data-element_type=\"column\">\n\t\t\t<div class=\"elementor-widget-wrap elementor-element-populated\">\n\t\t\t\t\t\t\t\t<div class=\"elementor-element elementor-element-52a089e elementor-widget elementor-widget-text-editor\" data-id=\"52a089e\" data-element_type=\"widget\" data-widget_type=\"text-editor.default\">\n\t\t\t\t<div class=\"elementor-widget-container\">\n\t\t\t\t\t\t\t<p>Anneaux, \u00e9lastiques, ballons, b\u00e2tons<\/p>\t\t\t\t\t\t<\/div>\n\t\t\t\t<\/div>\n\t\t\t\t\t<\/div>\n\t\t<\/div>\n\t\t\t\t\t\t\t<\/div>\n\t\t<\/section>\n\t\t\t\t<section class=\"elementor-section elementor-top-section elementor-element elementor-element-12ec571 elementor-section-boxed elementor-section-height-default elementor-section-height-default\" data-id=\"12ec571\" data-element_type=\"section\">\n\t\t\t\t\t\t<div class=\"elementor-container elementor-column-gap-default\">\n\t\t\t\t\t<div class=\"elementor-column elementor-col-33 elementor-top-column elementor-element elementor-element-1693a4e\" data-id=\"1693a4e\" data-element_type=\"column\">\n\t\t\t<div class=\"elementor-widget-wrap elementor-element-populated\">\n\t\t\t\t\t\t\t\t<div class=\"elementor-element elementor-element-ac90bf8 elementor-widget elementor-widget-heading\" data-id=\"ac90bf8\" data-element_type=\"widget\" data-widget_type=\"heading.default\">\n\t\t\t\t<div class=\"elementor-widget-container\">\n\t\t\t<h2 class=\"elementor-heading-title elementor-size-default\">Professeurs<\/h2>\t\t<\/div>\n\t\t\t\t<\/div>\n\t\t\t\t\t<\/div>\n\t\t<\/div>\n\t\t\t\t<div class=\"elementor-column elementor-col-66 elementor-top-column elementor-element elementor-element-8e6ad94\" data-id=\"8e6ad94\" data-element_type=\"column\">\n\t\t\t<div class=\"elementor-widget-wrap elementor-element-populated\">\n\t\t\t\t\t\t\t\t<div class=\"elementor-element elementor-element-6c9b7a6 elementor-widget elementor-widget-text-editor\" data-id=\"6c9b7a6\" data-element_type=\"widget\" data-widget_type=\"text-editor.default\">\n\t\t\t\t<div class=\"elementor-widget-container\">\n\t\t\t\t\t\t\t<p><span style=\"font-variant-ligatures: normal; font-variant-caps: normal; font-family: &quot;Roboto Slab&quot;; font-size: 15px; font-style: normal; font-weight: 600;\">Estelle,<\/span><span style=\"font-family: &quot;Roboto Slab&quot;; font-size: 15px; font-style: normal; font-variant-ligatures: normal; font-variant-caps: normal; font-weight: 400;\">&nbsp;<\/span><em style=\"font-variant-ligatures: normal; font-variant-caps: normal; font-family: &quot;Roboto Slab&quot;; font-size: 15px; font-weight: 400;\">Professeur&nbsp;<\/em><i style=\"font-variant-ligatures: normal; font-variant-caps: normal; font-family: &quot;Roboto Slab&quot;; font-size: 15px; font-weight: 400;\">dipl\u00f4m\u00e9e<\/i><strong><br><\/strong><\/p><p><strong>Kampan,<\/strong> <em>Professeur&nbsp;<\/em><i>dipl\u00f4m\u00e9<\/i><\/p><p><span style=\"font-variant-ligatures: normal; font-variant-caps: normal; font-family: &quot;Roboto Slab&quot;; font-size: 15px; font-style: normal; font-weight: 600;\">Laurent,<\/span><span style=\"font-family: &quot;Roboto Slab&quot;; font-size: 15px; font-style: normal; font-variant-ligatures: normal; font-variant-caps: normal; font-weight: 400;\">&nbsp;<\/span><em style=\"font-variant-ligatures: normal; font-variant-caps: normal; font-family: &quot;Roboto Slab&quot;; font-size: 15px; font-weight: 400;\">Professeur&nbsp;<\/em><i style=\"font-variant-ligatures: normal; font-variant-caps: normal; font-family: &quot;Roboto Slab&quot;; font-size: 15px; font-weight: 400;\">dipl\u00f4m\u00e9<\/i><i><br><\/i><\/p>\n<p><strong>Nathalie,<\/strong> <em>Professeur&nbsp;<\/em><i>dipl\u00f4m\u00e9e<\/i><\/p>\n<p><br><\/p>\t\t\t\t\t\t<\/div>\n\t\t\t\t<\/div>\n\t\t\t\t\t<\/div>\n\t\t<\/div>\n\t\t\t\t\t\t\t<\/div>\n\t\t<\/section>\n\t\t\t\t\t\t\t<\/div>\n\t\t","protected":false},"excerpt":{"rendered":"<p>Cours destin\u00e9 \u00e0 acqu\u00e9rir ou renforcer sa souplesse et ainsi am\u00e9liorer la mobilit\u00e9 et ses amplitudes de mouvement. Se pratique en musique douce pour allier \u00e9tirements et relaxation Objectifs et B\u00e9n\u00e9fices Augmente la souplesse et l&rsquo;\u00e9lasticit\u00e9 des muscles et des tendons, avec une am\u00e9lioration g\u00e9n\u00e9rale de la capacit\u00e9 du mouvement. Pr\u00e9vention des contractures musculaires, permet [&hellip;]<\/p>\n","protected":false},"author":1,"featured_media":0,"parent":0,"menu_order":0,"comment_status":"closed","ping_status":"closed","template":"elementor_header_footer","meta":[],"_links":{"self":[{"href":"http:\/\/www.natformgym.fr\/index.php?rest_route=\/wp\/v2\/pages\/891"}],"collection":[{"href":"http:\/\/www.natformgym.fr\/index.php?rest_route=\/wp\/v2\/pages"}],"about":[{"href":"http:\/\/www.natformgym.fr\/index.php?rest_route=\/wp\/v2\/types\/page"}],"author":[{"embeddable":true,"href":"http:\/\/www.natformgym.fr\/index.php?rest_route=\/wp\/v2\/users\/1"}],"replies":[{"embeddable":true,"href":"http:\/\/www.natformgym.fr\/index.php?rest_route=%2Fwp%2Fv2%2Fcomments&post=891"}],"version-history":[{"count":12,"href":"http:\/\/www.natformgym.fr\/index.php?rest_route=\/wp\/v2\/pages\/891\/revisions"}],"predecessor-version":[{"id":1305,"href":"http:\/\/www.natformgym.fr\/index.php?rest_route=\/wp\/v2\/pages\/891\/revisions\/1305"}],"wp:attachment":[{"href":"http:\/\/www.natformgym.fr\/index.php?rest_route=%2Fwp%2Fv2%2Fmedia&parent=891"}],"curies":[{"name":"wp","href":"https:\/\/api.w.org\/{rel}","templated":true}]}}