{"id":1260,"date":"2023-09-24T20:47:31","date_gmt":"2023-09-24T18:47:31","guid":{"rendered":"http:\/\/www.natformgym.fr\/?page_id=1260"},"modified":"2026-02-09T16:02:54","modified_gmt":"2026-02-09T15:02:54","slug":"tarifs","status":"publish","type":"page","link":"http:\/\/www.natformgym.fr\/?page_id=1260","title":{"rendered":"Tarifs"},"content":{"rendered":"<p>[vc_row][vc_column][vc_column_text]La cotisation est annuelle mais peut \u00eatre \u00e9tal\u00e9e, mensuellement ou trimestriellement. Elle d\u00e9pend du nombre de cours par semaine et \u00e9galement de la dur\u00e9e des cours.<\/p>\n<p>Exemples:<\/p>\n<p>Pour un cours de 60 minutes , la cotisation est de 173 \u20ac par trimestre (Sur la base de trois trimestres puisqu&rsquo;il n\u2019y a pas de cours durant les vacances scolaires), soit 43,50\u20ac par mois en \u00e9talant sur 12 mois.<\/p>\n<ul>\n<li>Pour deux cours de 60 minutes par semaine, le tarif est de 277 \u20ac par trimestre,\u00a0 soit 69,50\u20ac par mois en \u00e9talant sur 12 mois<\/li>\n<\/ul>\n<p>[\/vc_column_text][\/vc_column][\/vc_row]<\/p>\n\n\n<p><\/p>\n","protected":false},"excerpt":{"rendered":"<p>[vc_row][vc_column][vc_column_text]La cotisation est annuelle mais peut \u00eatre \u00e9tal\u00e9e, mensuellement ou trimestriellement. Elle d\u00e9pend du nombre de cours par semaine et \u00e9galement de la dur\u00e9e des cours. Exemples: Pour un cours de 60 minutes , la cotisation est de 173 \u20ac par trimestre (Sur la base de trois trimestres puisqu&rsquo;il n\u2019y a pas de cours durant [&hellip;]<\/p>\n","protected":false},"author":1,"featured_media":0,"parent":0,"menu_order":0,"comment_status":"closed","ping_status":"closed","template":"","meta":[],"_links":{"self":[{"href":"http:\/\/www.natformgym.fr\/index.php?rest_route=\/wp\/v2\/pages\/1260"}],"collection":[{"href":"http:\/\/www.natformgym.fr\/index.php?rest_route=\/wp\/v2\/pages"}],"about":[{"href":"http:\/\/www.natformgym.fr\/index.php?rest_route=\/wp\/v2\/types\/page"}],"author":[{"embeddable":true,"href":"http:\/\/www.natformgym.fr\/index.php?rest_route=\/wp\/v2\/users\/1"}],"replies":[{"embeddable":true,"href":"http:\/\/www.natformgym.fr\/index.php?rest_route=%2Fwp%2Fv2%2Fcomments&post=1260"}],"version-history":[{"count":5,"href":"http:\/\/www.natformgym.fr\/index.php?rest_route=\/wp\/v2\/pages\/1260\/revisions"}],"predecessor-version":[{"id":1481,"href":"http:\/\/www.natformgym.fr\/index.php?rest_route=\/wp\/v2\/pages\/1260\/revisions\/1481"}],"wp:attachment":[{"href":"http:\/\/www.natformgym.fr\/index.php?rest_route=%2Fwp%2Fv2%2Fmedia&parent=1260"}],"curies":[{"name":"wp","href":"https:\/\/api.w.org\/{rel}","templated":true}]}}